{"id":2775,"date":"2026-01-24T01:57:34","date_gmt":"2026-01-24T01:57:34","guid":{"rendered":"https:\/\/dealerspace.shop\/?post_type=product&#038;p=2775"},"modified":"2026-01-31T13:32:54","modified_gmt":"2026-01-31T13:32:54","slug":"electric-knee-massager-1-box-5-level-heating-3-level-vibration-knee-massage-machine-personal-care-appliances-for-men-women-top-picks","status":"publish","type":"product","link":"https:\/\/dealerspace.shop\/es\/producto\/electric-knee-massager-1-box-5-level-heating-3-level-vibration-knee-massage-machine-personal-care-appliances-for-men-women-top-picks\/","title":{"rendered":"Masajeador el\u00e9ctrico de rodillas, 1 caja, m\u00e1quina de masaje de rodillas con 5 niveles de calor y 3 niveles de vibraci\u00f3n, aparatos de cuidado personal para hombres y mujeres #TOP PICKS"},"content":{"rendered":"<p><img fetchpriority=\"high\" decoding=\"async\" class=\"aligncenter\" src=\"https:\/\/dealerspace.shop\/wp-content\/uploads\/2026\/01\/QQ_1768814011822-1.png\" sizes=\"(max-width: 773px) 100vw, 773px\" srcset=\"https:\/\/dealerspace.shop\/wp-content\/uploads\/2026\/01\/QQ_1768814011822-1.png 773w, https:\/\/dealerspace.shop\/wp-content\/uploads\/2026\/01\/QQ_1768814011822-1-300x300_1.png 300w, https:\/\/dealerspace.shop\/wp-content\/uploads\/2026\/01\/QQ_1768814011822-1-150x150_1.png 150w, https:\/\/dealerspace.shop\/wp-content\/uploads\/2026\/01\/QQ_1768814011822-1-768x768_1.png 768w, https:\/\/dealerspace.shop\/wp-content\/uploads\/2026\/01\/QQ_1768814011822-1-600x600_1.png 600w, https:\/\/dealerspace.shop\/wp-content\/uploads\/2026\/01\/QQ_1768814011822-1-100x100_1.png 100w, https:\/\/dealerspace.shop\/wp-content\/uploads\/2026\/01\/QQ_1768814011822-1-50x50_1.png 50w\" alt=\"\" width=\"773\" height=\"773\" \/><br \/>\n<img decoding=\"async\" class=\"aligncenter\" src=\"https:\/\/dealerspace.shop\/wp-content\/uploads\/2026\/01\/QQ_1768813999558-1.png\" sizes=\"(max-width: 773px) 100vw, 773px\" srcset=\"https:\/\/dealerspace.shop\/wp-content\/uploads\/2026\/01\/QQ_1768813999558-1.png 773w, https:\/\/dealerspace.shop\/wp-content\/uploads\/2026\/01\/QQ_1768813999558-1-300x300_1.png 300w, https:\/\/dealerspace.shop\/wp-content\/uploads\/2026\/01\/QQ_1768813999558-1-150x150_1.png 150w, https:\/\/dealerspace.shop\/wp-content\/uploads\/2026\/01\/QQ_1768813999558-1-768x769_1.png 768w, https:\/\/dealerspace.shop\/wp-content\/uploads\/2026\/01\/QQ_1768813999558-1-600x601_1.png 600w, https:\/\/dealerspace.shop\/wp-content\/uploads\/2026\/01\/QQ_1768813999558-1-100x100_1.png 100w, https:\/\/dealerspace.shop\/wp-content\/uploads\/2026\/01\/QQ_1768813999558-1-50x50_1.png 50w\" alt=\"\" width=\"773\" height=\"774\" \/><br \/>\n<img decoding=\"async\" class=\"aligncenter\" src=\"https:\/\/dealerspace.shop\/wp-content\/uploads\/2026\/01\/QQ_1768814045990-1.png\" sizes=\"(max-width: 771px) 100vw, 771px\" srcset=\"https:\/\/dealerspace.shop\/wp-content\/uploads\/2026\/01\/QQ_1768814045990-1.png 771w, https:\/\/dealerspace.shop\/wp-content\/uploads\/2026\/01\/QQ_1768814045990-1-300x300_1.png 300w, https:\/\/dealerspace.shop\/wp-content\/uploads\/2026\/01\/QQ_1768814045990-1-150x150_1.png 150w, https:\/\/dealerspace.shop\/wp-content\/uploads\/2026\/01\/QQ_1768814045990-1-768x768_1.png 768w, https:\/\/dealerspace.shop\/wp-content\/uploads\/2026\/01\/QQ_1768814045990-1-600x600_1.png 600w, https:\/\/dealerspace.shop\/wp-content\/uploads\/2026\/01\/QQ_1768814045990-1-100x100_1.png 100w, https:\/\/dealerspace.shop\/wp-content\/uploads\/2026\/01\/QQ_1768814045990-1-50x50_1.png 50w\" alt=\"\" width=\"771\" height=\"771\" \/><\/p>\n<ul>\n<li>\ud83d\udd25\u3010Heating &amp; Vibration Massage\u3011Este masajeador de rodilla con calefacci\u00f3n actualizado tiene 5 niveles de calefacci\u00f3n (45\u2103\/50\u2103\/55\u2103\/60\u2103\/65\u2103) y 3 modos de vibraci\u00f3n (Bajo-Medio-Alto) para el alivio del dolor de rodilla de la artritis y la recuperaci\u00f3n de lesiones. La funci\u00f3n de calentamiento favorece la circulaci\u00f3n sangu\u00ednea y alivia a\u00fan m\u00e1s los dolores y espasmos musculares. La funci\u00f3n de masaje por vibraci\u00f3n reproduce la sensaci\u00f3n de amasamiento manual para ayudarle a reducir el dolor muscular de rodilla y relajar la artritis y la rodilla. Los modos de calor y masaje pueden funcionar juntos o por separado.<\/li>\n<li>\ud83d\udd25\u3010High Quality\u3011La almohadilla t\u00e9rmica para rodillas est\u00e1 fabricada con tejido altamente el\u00e1stico y flexible, que no solo es transpirable, sino que tambi\u00e9n tiene excelentes propiedades de retenci\u00f3n del calor, para que pueda disfrutar de un masaje t\u00e9rmico continuo. Puede adaptarse perfectamente a sus rodillas 360 \u00b0 y son compatibles con diferentes tipos de piernas. Dispone de un masaje tridimensional envolvente que masajea con precisi\u00f3n las zonas vitales de la rodilla, liberando la presi\u00f3n y proporcionando una gran relajaci\u00f3n y comodidad para las rodillas, los codos y los hombros.<\/li>\n<\/ul>","protected":false},"excerpt":{"rendered":"<p>\ud83d\udd25\u3010Heating &amp; Vibration Massage\u3011This upgraded heated knee massager has 5 heating levels (45\u2103\/50\u2103\/55\u2103\/60\u2103\/65\u2103) and 3 vibration modes (Low-Medium-High) for arthritis knee pain relief and injury recovery. The heating function promotes blood circulation and further relieves muscle soreness and spasms. The vibration massage function replicates the sensation of hand kneading to help you reduce knee muscle [&hellip;]<\/p>","protected":false},"featured_media":2776,"comment_status":"open","ping_status":"closed","template":"","meta":{"_acf_changed":false},"product_brand":[],"product_cat":[41],"product_tag":[],"class_list":{"0":"post-2775","1":"product","2":"type-product","3":"status-publish","4":"has-post-thumbnail","6":"product_cat-home-living","8":"first","9":"instock","10":"sale","11":"shipping-taxable","12":"purchasable","13":"product-type-simple"},"acf":[],"_links":{"self":[{"href":"https:\/\/dealerspace.shop\/es\/wp-json\/wp\/v2\/product\/2775","targetHints":{"allow":["GET"]}}],"collection":[{"href":"https:\/\/dealerspace.shop\/es\/wp-json\/wp\/v2\/product"}],"about":[{"href":"https:\/\/dealerspace.shop\/es\/wp-json\/wp\/v2\/types\/product"}],"replies":[{"embeddable":true,"href":"https:\/\/dealerspace.shop\/es\/wp-json\/wp\/v2\/comments?post=2775"}],"version-history":[{"count":2,"href":"https:\/\/dealerspace.shop\/es\/wp-json\/wp\/v2\/product\/2775\/revisions"}],"predecessor-version":[{"id":2804,"href":"https:\/\/dealerspace.shop\/es\/wp-json\/wp\/v2\/product\/2775\/revisions\/2804"}],"wp:featuredmedia":[{"embeddable":true,"href":"https:\/\/dealerspace.shop\/es\/wp-json\/wp\/v2\/media\/2776"}],"wp:attachment":[{"href":"https:\/\/dealerspace.shop\/es\/wp-json\/wp\/v2\/media?parent=2775"}],"wp:term":[{"taxonomy":"product_brand","embeddable":true,"href":"https:\/\/dealerspace.shop\/es\/wp-json\/wp\/v2\/product_brand?post=2775"},{"taxonomy":"product_cat","embeddable":true,"href":"https:\/\/dealerspace.shop\/es\/wp-json\/wp\/v2\/product_cat?post=2775"},{"taxonomy":"product_tag","embeddable":true,"href":"https:\/\/dealerspace.shop\/es\/wp-json\/wp\/v2\/product_tag?post=2775"}],"curies":[{"name":"wp","href":"https:\/\/api.w.org\/{rel}","templated":true}]}}